{"id":6656,"date":"2022-04-12T09:57:09","date_gmt":"2022-04-12T07:57:09","guid":{"rendered":"https:\/\/bavariablu.ro\/?page_id=6656"},"modified":"2022-04-12T10:03:09","modified_gmt":"2022-04-12T08:03:09","slug":"cariere","status":"publish","type":"page","link":"https:\/\/beta.bavariablu.ro\/en\/cariere\/","title":{"rendered":"Cariere"},"content":{"rendered":"<div data-elementor-type=\"wp-page\" data-elementor-id=\"6656\" class=\"elementor elementor-6656\">\n\t\t\t\t\t\t<section class=\"elementor-section elementor-top-section elementor-element elementor-element-57d692b elementor-section-boxed elementor-section-height-default elementor-section-height-default\" data-id=\"57d692b\" data-element_type=\"section\" data-e-type=\"section\">\n\t\t\t\t\t\t<div class=\"elementor-container elementor-column-gap-default\">\n\t\t\t\t\t<div class=\"elementor-column elementor-col-100 elementor-top-column elementor-element elementor-element-932b55f\" data-id=\"932b55f\" data-element_type=\"column\" data-e-type=\"column\">\n\t\t\t<div class=\"elementor-widget-wrap elementor-element-populated\">\n\t\t\t\t\t\t<div class=\"elementor-element elementor-element-86633d6 elementor-widget elementor-widget-image\" data-id=\"86633d6\" data-element_type=\"widget\" data-e-type=\"widget\" data-widget_type=\"image.default\">\n\t\t\t\t<div class=\"elementor-widget-container\">\n\t\t\t\t\t\t\t\t\t\t\t\t\t\t\t<img fetchpriority=\"high\" decoding=\"async\" width=\"960\" height=\"640\" src=\"https:\/\/beta.bavariablu.ro\/wp-content\/uploads\/2015\/03\/rsz_garsoniera_visiniu_-_detaliu_pat_b-1-1024x683.jpg\" class=\"attachment-large size-large wp-image-4557\" alt=\"\" srcset=\"https:\/\/beta.bavariablu.ro\/wp-content\/uploads\/2015\/03\/rsz_garsoniera_visiniu_-_detaliu_pat_b-1-1024x683.jpg 1024w, https:\/\/beta.bavariablu.ro\/wp-content\/uploads\/2015\/03\/rsz_garsoniera_visiniu_-_detaliu_pat_b-1-300x200.jpg 300w, https:\/\/beta.bavariablu.ro\/wp-content\/uploads\/2015\/03\/rsz_garsoniera_visiniu_-_detaliu_pat_b-1-768x512.jpg 768w, https:\/\/beta.bavariablu.ro\/wp-content\/uploads\/2015\/03\/rsz_garsoniera_visiniu_-_detaliu_pat_b-1-1536x1024.jpg 1536w, https:\/\/beta.bavariablu.ro\/wp-content\/uploads\/2015\/03\/rsz_garsoniera_visiniu_-_detaliu_pat_b-1-2048x1365.jpg 2048w\" sizes=\"(max-width: 960px) 100vw, 960px\" \/>\t\t\t\t\t\t\t\t\t\t\t\t\t\t\t<\/div>\n\t\t\t\t<\/div>\n\t\t\t\t\t<\/div>\n\t\t<\/div>\n\t\t\t\t\t<\/div>\n\t\t<\/section>\n\t\t\t\t<section class=\"elementor-section elementor-top-section elementor-element elementor-element-8c41c8e elementor-section-boxed elementor-section-height-default elementor-section-height-default\" data-id=\"8c41c8e\" data-element_type=\"section\" data-e-type=\"section\">\n\t\t\t\t\t\t<div class=\"elementor-container elementor-column-gap-default\">\n\t\t\t\t\t<div class=\"elementor-column elementor-col-100 elementor-top-column elementor-element elementor-element-72f7e7e\" data-id=\"72f7e7e\" data-element_type=\"column\" data-e-type=\"column\">\n\t\t\t<div class=\"elementor-widget-wrap elementor-element-populated\">\n\t\t\t\t\t\t<div class=\"elementor-element elementor-element-b56f9f4 elementor-widget elementor-widget-text-editor\" data-id=\"b56f9f4\" data-element_type=\"widget\" data-e-type=\"widget\" data-widget_type=\"text-editor.default\">\n\t\t\t\t<div class=\"elementor-widget-container\">\n\t\t\t\t\t\t\t\t\t<p>\n<div class=\"wpcf7 no-js\" id=\"wpcf7-f6659-o1\" lang=\"en-US\" dir=\"ltr\" data-wpcf7-id=\"6659\">\n<div class=\"screen-reader-response\"><p role=\"status\" aria-live=\"polite\" aria-atomic=\"true\"><\/p> <ul><\/ul><\/div>\n<form action=\"\/en\/wp-json\/wp\/v2\/pages\/6656#wpcf7-f6659-o1\" method=\"post\" class=\"wpcf7-form init\" aria-label=\"Contact form\" enctype=\"multipart\/form-data\" novalidate=\"novalidate\" data-status=\"init\" data-trp-original-action=\"\/en\/wp-json\/wp\/v2\/pages\/6656#wpcf7-f6659-o1\">\n<fieldset class=\"hidden-fields-container\"><input type=\"hidden\" name=\"_wpcf7\" value=\"6659\" \/><input type=\"hidden\" name=\"_wpcf7_version\" value=\"6.1.5\" \/><input type=\"hidden\" name=\"_wpcf7_locale\" value=\"en_US\" \/><input type=\"hidden\" name=\"_wpcf7_unit_tag\" value=\"wpcf7-f6659-o1\" \/><input type=\"hidden\" name=\"_wpcf7_container_post\" value=\"0\" \/><input type=\"hidden\" name=\"_wpcf7_posted_data_hash\" value=\"\" \/>\n<\/fieldset>\n<h4 style=\"margin:20px 0px 20px 0px; color: #856035\">Contacts\n<\/h4>\n<div class=\"input-flex\">\n\t<p><label style=\"color: #54595F;\"> Name surname*<br \/>\n<span class=\"wpcf7-form-control-wrap\" data-name=\"your-name\"><input size=\"40\" maxlength=\"400\" class=\"wpcf7-form-control wpcf7-text wpcf7-validates-as-required\" aria-required=\"true\" aria-invalid=\"false\" value=\"\" type=\"text\" name=\"your-name\" \/><\/span> <\/label>\n\t<\/p>\n\t<p><label style=\"color: #54595F;\"> Location*<br \/>\n<span class=\"wpcf7-form-control-wrap\" data-name=\"localitate\"><input size=\"40\" maxlength=\"400\" class=\"wpcf7-form-control wpcf7-text wpcf7-validates-as-required\" aria-required=\"true\" aria-invalid=\"false\" value=\"\" type=\"text\" name=\"localitate\" \/><\/span> <\/label>\n\t<\/p>\n<\/div>\n<div class=\"input-flex\">\n\t<p><label style=\"color: #54595F; width: 50%;\"> Email*<br \/>\n<span class=\"wpcf7-form-control-wrap\" data-name=\"your-email\"><input size=\"40\" maxlength=\"400\" class=\"wpcf7-form-control wpcf7-email wpcf7-validates-as-required wpcf7-text wpcf7-validates-as-email\" aria-required=\"true\" aria-invalid=\"false\" value=\"\" type=\"email\" name=\"your-email\" \/><\/span> <\/label>\n\t<\/p>\n\t<p><label style=\"color: #54595F; width: 50%;\"> Phone*<br \/>\n<span class=\"wpcf7-form-control-wrap\" data-name=\"tel\"><input size=\"40\" maxlength=\"400\" class=\"wpcf7-form-control wpcf7-text wpcf7-validates-as-required\" aria-required=\"true\" aria-invalid=\"false\" value=\"\" type=\"text\" name=\"tel\" \/><\/span> <\/label>\n\t<\/p>\n<\/div>\n<h4 style=\"margin:20px 0px 20px 0px; color: #856035\">Department\n<\/h4>\n<p><label>Reception:<\/label><br \/>\n<span class=\"wpcf7-form-control-wrap\" data-name=\"checkbox-819\"><span class=\"wpcf7-form-control wpcf7-checkbox\"><span class=\"wpcf7-list-item first\"><label><input type=\"checkbox\" name=\"checkbox-819[]\" value=\"Receptionera\" \/><span class=\"wpcf7-list-item-label\">Receptionist<\/span><\/label><\/span><span class=\"wpcf7-list-item\"><label><input type=\"checkbox\" name=\"checkbox-819[]\" value=\"Agent rezervari\/vanzari\" \/><span class=\"wpcf7-list-item-label\">Booking \/ sales agent<\/span><\/label><\/span><span class=\"wpcf7-list-item\"><label><input type=\"checkbox\" name=\"checkbox-819[]\" value=\"Front Office Manager\" \/><span class=\"wpcf7-list-item-label\">Front Office Manager<\/span><\/label><\/span><span class=\"wpcf7-list-item last\"><label><input type=\"checkbox\" name=\"checkbox-819[]\" value=\"Sef Receptie\" \/><span class=\"wpcf7-list-item-label\">Head of Reception<\/span><\/label><\/span><\/span><\/span><br \/>\n<br \/>\n<label>Housekeeping:<\/label><br \/>\n<span class=\"wpcf7-form-control-wrap\" data-name=\"checkbox-820\"><span class=\"wpcf7-form-control wpcf7-checkbox\"><span class=\"wpcf7-list-item first\"><label><input type=\"checkbox\" name=\"checkbox-820[]\" value=\"Camerista\" \/><span class=\"wpcf7-list-item-label\">Maid<\/span><\/label><\/span><span class=\"wpcf7-list-item\"><label><input type=\"checkbox\" name=\"checkbox-820[]\" value=\"Fata de hol\" \/><span class=\"wpcf7-list-item-label\">The girl in the hall<\/span><\/label><\/span><span class=\"wpcf7-list-item\"><label><input type=\"checkbox\" name=\"checkbox-820[]\" value=\"Lenjereasa\" \/><span class=\"wpcf7-list-item-label\">Lingerie<\/span><\/label><\/span><span class=\"wpcf7-list-item\"><label><input type=\"checkbox\" name=\"checkbox-820[]\" value=\"Supraveghetoare\" \/><span class=\"wpcf7-list-item-label\">Supervisor<\/span><\/label><\/span><span class=\"wpcf7-list-item last\"><label><input type=\"checkbox\" name=\"checkbox-820[]\" value=\"Guvernanta\" \/><span class=\"wpcf7-list-item-label\">Governance<\/span><\/label><\/span><\/span><\/span><br \/>\n<br \/>\n<label>Tehnic<\/label><br \/>\n<span class=\"wpcf7-form-control-wrap\" data-name=\"checkbox-821\"><span class=\"wpcf7-form-control wpcf7-checkbox\"><span class=\"wpcf7-list-item first\"><label><input type=\"checkbox\" name=\"checkbox-821[]\" value=\"Intretinere\" \/><span class=\"wpcf7-list-item-label\">Maintenance<\/span><\/label><\/span><span class=\"wpcf7-list-item\"><label><input type=\"checkbox\" name=\"checkbox-821[]\" value=\"Electrician\" \/><span class=\"wpcf7-list-item-label\">Electrician<\/span><\/label><\/span><span class=\"wpcf7-list-item last\"><label><input type=\"checkbox\" name=\"checkbox-821[]\" value=\"Instalator\" \/><span class=\"wpcf7-list-item-label\">Plumber<\/span><\/label><\/span><\/span><\/span><br \/>\n<br \/>\n<label>Food &#038; Beverages<\/label><br \/>\n<span class=\"wpcf7-form-control-wrap\" data-name=\"checkbox-822\"><span class=\"wpcf7-form-control wpcf7-checkbox\"><span class=\"wpcf7-list-item first\"><label><input type=\"checkbox\" name=\"checkbox-822[]\" value=\"Bucatar Chef\" \/><span class=\"wpcf7-list-item-label\">Chef<\/span><\/label><\/span><span class=\"wpcf7-list-item\"><label><input type=\"checkbox\" name=\"checkbox-822[]\" value=\"Sous-chef\" \/><span class=\"wpcf7-list-item-label\">Sous-chef<\/span><\/label><\/span><span class=\"wpcf7-list-item\"><label><input type=\"checkbox\" name=\"checkbox-822[]\" value=\"Bucatar\" \/><span class=\"wpcf7-list-item-label\">Cook<\/span><\/label><\/span><span class=\"wpcf7-list-item\"><label><input type=\"checkbox\" name=\"checkbox-822[]\" value=\"Ajutor bucatar\" \/><span class=\"wpcf7-list-item-label\">Chef help<\/span><\/label><\/span><span class=\"wpcf7-list-item\"><label><input type=\"checkbox\" name=\"checkbox-822[]\" value=\"Spalator de vase\" \/><span class=\"wpcf7-list-item-label\">Dishwasher<\/span><\/label><\/span><span class=\"wpcf7-list-item\"><label><input type=\"checkbox\" name=\"checkbox-822[]\" value=\"Sef sala\" \/><span class=\"wpcf7-list-item-label\">Chief room<\/span><\/label><\/span><span class=\"wpcf7-list-item\"><label><input type=\"checkbox\" name=\"checkbox-822[]\" value=\"Ospatar\" \/><span class=\"wpcf7-list-item-label\">Waiter<\/span><\/label><\/span><span class=\"wpcf7-list-item\"><label><input type=\"checkbox\" name=\"checkbox-822[]\" value=\"Ajutor de ospatar\" \/><span class=\"wpcf7-list-item-label\">Waiter aid<\/span><\/label><\/span><span class=\"wpcf7-list-item last\"><label><input type=\"checkbox\" name=\"checkbox-822[]\" value=\"Organizator evenimente\" \/><span class=\"wpcf7-list-item-label\">Event organizer<\/span><\/label><\/span><\/span><\/span><br \/>\n<br \/>\n<label>Administrative<\/label><br \/>\n<span class=\"wpcf7-form-control-wrap\" data-name=\"checkbox-823\"><span class=\"wpcf7-form-control wpcf7-checkbox\"><span class=\"wpcf7-list-item first\"><label><input type=\"checkbox\" name=\"checkbox-823[]\" value=\"Contabil\" \/><span class=\"wpcf7-list-item-label\">Accountant<\/span><\/label><\/span><span class=\"wpcf7-list-item\"><label><input type=\"checkbox\" name=\"checkbox-823[]\" value=\"Gestionar\" \/><span class=\"wpcf7-list-item-label\">Administrator<\/span><\/label><\/span><span class=\"wpcf7-list-item\"><label><input type=\"checkbox\" name=\"checkbox-823[]\" value=\"Inspector Resurse Umane\" \/><span class=\"wpcf7-list-item-label\">HR inspector<\/span><\/label><\/span><span class=\"wpcf7-list-item\"><label><input type=\"checkbox\" name=\"checkbox-823[]\" value=\"Sofer\" \/><span class=\"wpcf7-list-item-label\">Driver<\/span><\/label><\/span><span class=\"wpcf7-list-item last\"><label><input type=\"checkbox\" name=\"checkbox-823[]\" value=\"Agent de paza\" \/><span class=\"wpcf7-list-item-label\">Security guard<\/span><\/label><\/span><\/span><\/span>\n<\/p>\n<div class=\"input-flex\">\n\t<p><label style=\"color: #54595F;\"> The last employer<br \/>\n<span class=\"wpcf7-form-control-wrap\" data-name=\"angajator\"><input size=\"40\" maxlength=\"400\" class=\"wpcf7-form-control wpcf7-text wpcf7-validates-as-required\" aria-required=\"true\" aria-invalid=\"false\" value=\"\" type=\"text\" name=\"angajator\" \/><\/span> <\/label>\n\t<\/p>\n\t<p><label style=\"color: #54595F;\"> Period<br \/>\n<span class=\"wpcf7-form-control-wrap\" data-name=\"perioada\"><input size=\"40\" maxlength=\"400\" class=\"wpcf7-form-control wpcf7-text wpcf7-validates-as-required\" aria-required=\"true\" aria-invalid=\"false\" value=\"\" type=\"text\" name=\"perioada\" \/><\/span> <\/label>\n\t<\/p>\n<\/div>\n<p><label style=\"color: #54595F\"> Additional Information<br \/>\n<span class=\"wpcf7-form-control-wrap\" data-name=\"informatii-suplimentare\"><textarea cols=\"40\" rows=\"10\" maxlength=\"2000\" class=\"wpcf7-form-control wpcf7-textarea\" aria-invalid=\"false\" name=\"informatii-suplimentare\"><\/textarea><\/span> <\/label>\n<\/p>\n<p><label>Upload your resume<span class=\"wpcf7-form-control-wrap\" data-name=\"CV\"><input size=\"40\" class=\"wpcf7-form-control wpcf7-file\" accept=\".docx,.doc,.jpg,.jpeg,.heic,.pdf,.cda,.png\" aria-invalid=\"false\" type=\"file\" name=\"CV\" \/><\/span><\/label>\n<\/p>\n<p><span class=\"wpcf7-form-control-wrap\" data-name=\"acceptance-951\"><span class=\"wpcf7-form-control wpcf7-acceptance\"><span class=\"wpcf7-list-item\"><label><input type=\"checkbox\" name=\"acceptance-951\" value=\"1\" aria-invalid=\"false\" \/><span class=\"wpcf7-list-item-label\">Dau permisiunea de a colecta datele de mai sus \u0219i s\u0103 se foloseasc\u0103 pentru a m\u0103 contacta.<\/span><\/label><\/span><\/span><\/span>\n<\/p>\n<p><input class=\"wpcf7-form-control wpcf7-submit has-spinner\" type=\"submit\" value=\"Submit\" \/>\n<\/p><div class=\"wpcf7-response-output\" aria-hidden=\"true\"><\/div>\n<input type=\"hidden\" name=\"trp-form-language\" value=\"en\"\/><\/form>\n<\/div>\n<\/p>\t\t\t\t\t\t\t\t<\/div>\n\t\t\t\t<\/div>\n\t\t\t\t\t<\/div>\n\t\t<\/div>\n\t\t\t\t\t<\/div>\n\t\t<\/section>\n\t\t\t\t<\/div>","protected":false},"excerpt":{"rendered":"","protected":false},"author":2,"featured_media":0,"parent":0,"menu_order":0,"comment_status":"closed","ping_status":"closed","template":"","meta":{"footnotes":""},"class_list":["post-6656","page","type-page","status-publish","hentry"],"_links":{"self":[{"href":"https:\/\/beta.bavariablu.ro\/en\/wp-json\/wp\/v2\/pages\/6656","targetHints":{"allow":["GET"]}}],"collection":[{"href":"https:\/\/beta.bavariablu.ro\/en\/wp-json\/wp\/v2\/pages"}],"about":[{"href":"https:\/\/beta.bavariablu.ro\/en\/wp-json\/wp\/v2\/types\/page"}],"author":[{"embeddable":true,"href":"https:\/\/beta.bavariablu.ro\/en\/wp-json\/wp\/v2\/users\/2"}],"replies":[{"embeddable":true,"href":"https:\/\/beta.bavariablu.ro\/en\/wp-json\/wp\/v2\/comments?post=6656"}],"version-history":[{"count":6,"href":"https:\/\/beta.bavariablu.ro\/en\/wp-json\/wp\/v2\/pages\/6656\/revisions"}],"predecessor-version":[{"id":6664,"href":"https:\/\/beta.bavariablu.ro\/en\/wp-json\/wp\/v2\/pages\/6656\/revisions\/6664"}],"wp:attachment":[{"href":"https:\/\/beta.bavariablu.ro\/en\/wp-json\/wp\/v2\/media?parent=6656"}],"curies":[{"name":"wp","href":"https:\/\/api.w.org\/{rel}","templated":true}]}}